{"id":20,"date":"2023-06-22T21:12:53","date_gmt":"2023-06-22T21:12:53","guid":{"rendered":"https:\/\/shopanimalesin.rebadise.com\/?post_type=product&#038;p=20"},"modified":"2023-06-25T21:49:10","modified_gmt":"2023-06-25T21:49:10","slug":"pecheras","status":"publish","type":"product","link":"https:\/\/shopanimalesin.rebadise.com\/index.php\/producto\/pecheras\/","title":{"rendered":"Pechera"},"content":{"rendered":"<figure id=\"attachment_40\" aria-describedby=\"caption-attachment-40\" style=\"width: 292px\" class=\"wp-caption alignnone\"><img decoding=\"async\" loading=\"lazy\" class=\"size-medium wp-image-40\" src=\"https:\/\/i0.wp.com\/shopanimalesin.rebadise.com\/wp-content\/uploads\/2023\/06\/Pechera-Chicas-super-poderosas-4-Trabajo-artesanal.png?resize=292%2C300&#038;ssl=1\" alt=\"Pechera Chicas super poderosas\" width=\"292\" height=\"300\" srcset=\"https:\/\/i0.wp.com\/shopanimalesin.rebadise.com\/wp-content\/uploads\/2023\/06\/Pechera-Chicas-super-poderosas-4-Trabajo-artesanal.png?resize=292%2C300&amp;ssl=1 292w, https:\/\/i0.wp.com\/shopanimalesin.rebadise.com\/wp-content\/uploads\/2023\/06\/Pechera-Chicas-super-poderosas-4-Trabajo-artesanal.png?resize=768%2C790&amp;ssl=1 768w, https:\/\/i0.wp.com\/shopanimalesin.rebadise.com\/wp-content\/uploads\/2023\/06\/Pechera-Chicas-super-poderosas-4-Trabajo-artesanal.png?resize=600%2C617&amp;ssl=1 600w, https:\/\/i0.wp.com\/shopanimalesin.rebadise.com\/wp-content\/uploads\/2023\/06\/Pechera-Chicas-super-poderosas-4-Trabajo-artesanal.png?w=951&amp;ssl=1 951w\" sizes=\"(max-width: 292px) 100vw, 292px\" data-recalc-dims=\"1\" \/><figcaption id=\"caption-attachment-40\" class=\"wp-caption-text\">Pechera Chicas super poderosas<\/figcaption><\/figure>\n<figure id=\"attachment_41\" aria-describedby=\"caption-attachment-41\" style=\"width: 292px\" class=\"wp-caption alignnone\"><img decoding=\"async\" loading=\"lazy\" class=\"size-medium wp-image-41\" src=\"https:\/\/i0.wp.com\/shopanimalesin.rebadise.com\/wp-content\/uploads\/2023\/06\/Pechera-Chicas-super-poderosas-5-Trabajo-artesanal.png?resize=292%2C300&#038;ssl=1\" alt=\"Pechera Chicas super poderosas\" width=\"292\" height=\"300\" srcset=\"https:\/\/i0.wp.com\/shopanimalesin.rebadise.com\/wp-content\/uploads\/2023\/06\/Pechera-Chicas-super-poderosas-5-Trabajo-artesanal.png?resize=292%2C300&amp;ssl=1 292w, https:\/\/i0.wp.com\/shopanimalesin.rebadise.com\/wp-content\/uploads\/2023\/06\/Pechera-Chicas-super-poderosas-5-Trabajo-artesanal.png?resize=768%2C790&amp;ssl=1 768w, https:\/\/i0.wp.com\/shopanimalesin.rebadise.com\/wp-content\/uploads\/2023\/06\/Pechera-Chicas-super-poderosas-5-Trabajo-artesanal.png?resize=600%2C617&amp;ssl=1 600w, https:\/\/i0.wp.com\/shopanimalesin.rebadise.com\/wp-content\/uploads\/2023\/06\/Pechera-Chicas-super-poderosas-5-Trabajo-artesanal.png?w=951&amp;ssl=1 951w\" sizes=\"(max-width: 292px) 100vw, 292px\" data-recalc-dims=\"1\" \/><figcaption id=\"caption-attachment-41\" class=\"wp-caption-text\">Pechera Chicas super poderosas<\/figcaption><\/figure>\n<figure id=\"attachment_42\" aria-describedby=\"caption-attachment-42\" style=\"width: 292px\" class=\"wp-caption alignnone\"><img decoding=\"async\" loading=\"lazy\" class=\"size-medium wp-image-42\" src=\"https:\/\/i0.wp.com\/shopanimalesin.rebadise.com\/wp-content\/uploads\/2023\/06\/Pechera-Deep-poll-Trabajo-artesanal.png?resize=292%2C300&#038;ssl=1\" alt=\"Pechera Deep poll\" width=\"292\" height=\"300\" srcset=\"https:\/\/i0.wp.com\/shopanimalesin.rebadise.com\/wp-content\/uploads\/2023\/06\/Pechera-Deep-poll-Trabajo-artesanal.png?resize=292%2C300&amp;ssl=1 292w, https:\/\/i0.wp.com\/shopanimalesin.rebadise.com\/wp-content\/uploads\/2023\/06\/Pechera-Deep-poll-Trabajo-artesanal.png?resize=768%2C790&amp;ssl=1 768w, https:\/\/i0.wp.com\/shopanimalesin.rebadise.com\/wp-content\/uploads\/2023\/06\/Pechera-Deep-poll-Trabajo-artesanal.png?resize=600%2C617&amp;ssl=1 600w, https:\/\/i0.wp.com\/shopanimalesin.rebadise.com\/wp-content\/uploads\/2023\/06\/Pechera-Deep-poll-Trabajo-artesanal.png?w=951&amp;ssl=1 951w\" sizes=\"(max-width: 292px) 100vw, 292px\" data-recalc-dims=\"1\" \/><figcaption id=\"caption-attachment-42\" class=\"wp-caption-text\">Pechera Deep poll<\/figcaption><\/figure>\n<figure id=\"attachment_39\" aria-describedby=\"caption-attachment-39\" style=\"width: 292px\" class=\"wp-caption alignnone\"><img decoding=\"async\" loading=\"lazy\" class=\"size-medium wp-image-39\" src=\"https:\/\/i0.wp.com\/shopanimalesin.rebadise.com\/wp-content\/uploads\/2023\/06\/Pechera-Chicas-super-poderosas-3-Trabajo-artesanal.png?resize=292%2C300&#038;ssl=1\" alt=\"Pechera Chicas super poderosas\" width=\"292\" height=\"300\" srcset=\"https:\/\/i0.wp.com\/shopanimalesin.rebadise.com\/wp-content\/uploads\/2023\/06\/Pechera-Chicas-super-poderosas-3-Trabajo-artesanal.png?resize=292%2C300&amp;ssl=1 292w, https:\/\/i0.wp.com\/shopanimalesin.rebadise.com\/wp-content\/uploads\/2023\/06\/Pechera-Chicas-super-poderosas-3-Trabajo-artesanal.png?resize=768%2C790&amp;ssl=1 768w, https:\/\/i0.wp.com\/shopanimalesin.rebadise.com\/wp-content\/uploads\/2023\/06\/Pechera-Chicas-super-poderosas-3-Trabajo-artesanal.png?resize=600%2C617&amp;ssl=1 600w, https:\/\/i0.wp.com\/shopanimalesin.rebadise.com\/wp-content\/uploads\/2023\/06\/Pechera-Chicas-super-poderosas-3-Trabajo-artesanal.png?w=951&amp;ssl=1 951w\" sizes=\"(max-width: 292px) 100vw, 292px\" data-recalc-dims=\"1\" \/><figcaption id=\"caption-attachment-39\" class=\"wp-caption-text\">Pechera Chicas super poderosas<\/figcaption><\/figure>\n<figure id=\"attachment_38\" aria-describedby=\"caption-attachment-38\" style=\"width: 292px\" class=\"wp-caption alignnone\"><img decoding=\"async\" loading=\"lazy\" class=\"size-medium wp-image-38\" src=\"https:\/\/i0.wp.com\/shopanimalesin.rebadise.com\/wp-content\/uploads\/2023\/06\/Pechera-Chicas-super-poderosas-2-Trabajo-artesanal.png?resize=292%2C300&#038;ssl=1\" alt=\"Pechera Chicas super poderosas\" width=\"292\" height=\"300\" srcset=\"https:\/\/i0.wp.com\/shopanimalesin.rebadise.com\/wp-content\/uploads\/2023\/06\/Pechera-Chicas-super-poderosas-2-Trabajo-artesanal.png?resize=292%2C300&amp;ssl=1 292w, https:\/\/i0.wp.com\/shopanimalesin.rebadise.com\/wp-content\/uploads\/2023\/06\/Pechera-Chicas-super-poderosas-2-Trabajo-artesanal.png?resize=768%2C790&amp;ssl=1 768w, https:\/\/i0.wp.com\/shopanimalesin.rebadise.com\/wp-content\/uploads\/2023\/06\/Pechera-Chicas-super-poderosas-2-Trabajo-artesanal.png?resize=600%2C617&amp;ssl=1 600w, https:\/\/i0.wp.com\/shopanimalesin.rebadise.com\/wp-content\/uploads\/2023\/06\/Pechera-Chicas-super-poderosas-2-Trabajo-artesanal.png?w=951&amp;ssl=1 951w\" sizes=\"(max-width: 292px) 100vw, 292px\" data-recalc-dims=\"1\" \/><figcaption id=\"caption-attachment-38\" class=\"wp-caption-text\">Pechera Chicas super poderosas<\/figcaption><\/figure>\n<figure id=\"attachment_37\" aria-describedby=\"caption-attachment-37\" style=\"width: 292px\" class=\"wp-caption alignnone\"><img decoding=\"async\" loading=\"lazy\" class=\"size-medium wp-image-37\" src=\"https:\/\/i0.wp.com\/shopanimalesin.rebadise.com\/wp-content\/uploads\/2023\/06\/Pechera-capitan-America-Trabajo-artesanal.png?resize=292%2C300&#038;ssl=1\" alt=\"Pechera capit\u00e1n Am\u00e9rica\" width=\"292\" height=\"300\" srcset=\"https:\/\/i0.wp.com\/shopanimalesin.rebadise.com\/wp-content\/uploads\/2023\/06\/Pechera-capitan-America-Trabajo-artesanal.png?resize=292%2C300&amp;ssl=1 292w, https:\/\/i0.wp.com\/shopanimalesin.rebadise.com\/wp-content\/uploads\/2023\/06\/Pechera-capitan-America-Trabajo-artesanal.png?resize=768%2C790&amp;ssl=1 768w, https:\/\/i0.wp.com\/shopanimalesin.rebadise.com\/wp-content\/uploads\/2023\/06\/Pechera-capitan-America-Trabajo-artesanal.png?resize=600%2C617&amp;ssl=1 600w, https:\/\/i0.wp.com\/shopanimalesin.rebadise.com\/wp-content\/uploads\/2023\/06\/Pechera-capitan-America-Trabajo-artesanal.png?w=951&amp;ssl=1 951w\" sizes=\"(max-width: 292px) 100vw, 292px\" data-recalc-dims=\"1\" \/><figcaption id=\"caption-attachment-37\" class=\"wp-caption-text\">Pechera capit\u00e1n Am\u00e9rica<\/figcaption><\/figure>\n<figure id=\"attachment_36\" aria-describedby=\"caption-attachment-36\" style=\"width: 292px\" class=\"wp-caption alignnone\"><img decoding=\"async\" loading=\"lazy\" class=\"size-medium wp-image-36\" src=\"https:\/\/i0.wp.com\/shopanimalesin.rebadise.com\/wp-content\/uploads\/2023\/06\/Pechera-capitan-america-con-gorra-Trabajo-artesanal.png?resize=292%2C300&#038;ssl=1\" alt=\"Pechera capit\u00e1n Am\u00e9rica\" width=\"292\" height=\"300\" srcset=\"https:\/\/i0.wp.com\/shopanimalesin.rebadise.com\/wp-content\/uploads\/2023\/06\/Pechera-capitan-america-con-gorra-Trabajo-artesanal.png?resize=292%2C300&amp;ssl=1 292w, https:\/\/i0.wp.com\/shopanimalesin.rebadise.com\/wp-content\/uploads\/2023\/06\/Pechera-capitan-america-con-gorra-Trabajo-artesanal.png?resize=768%2C790&amp;ssl=1 768w, https:\/\/i0.wp.com\/shopanimalesin.rebadise.com\/wp-content\/uploads\/2023\/06\/Pechera-capitan-america-con-gorra-Trabajo-artesanal.png?resize=600%2C617&amp;ssl=1 600w, https:\/\/i0.wp.com\/shopanimalesin.rebadise.com\/wp-content\/uploads\/2023\/06\/Pechera-capitan-america-con-gorra-Trabajo-artesanal.png?w=951&amp;ssl=1 951w\" sizes=\"(max-width: 292px) 100vw, 292px\" data-recalc-dims=\"1\" \/><figcaption id=\"caption-attachment-36\" class=\"wp-caption-text\">Pechera capit\u00e1n Am\u00e9rica<\/figcaption><\/figure>\n<figure id=\"attachment_35\" aria-describedby=\"caption-attachment-35\" style=\"width: 292px\" class=\"wp-caption alignnone\"><img decoding=\"async\" loading=\"lazy\" class=\"size-medium wp-image-35\" src=\"https:\/\/i0.wp.com\/shopanimalesin.rebadise.com\/wp-content\/uploads\/2023\/06\/Pechera-Batman-Trabajo-artesanal.png?resize=292%2C300&#038;ssl=1\" alt=\"Pechera Batman\" width=\"292\" height=\"300\" srcset=\"https:\/\/i0.wp.com\/shopanimalesin.rebadise.com\/wp-content\/uploads\/2023\/06\/Pechera-Batman-Trabajo-artesanal.png?resize=292%2C300&amp;ssl=1 292w, https:\/\/i0.wp.com\/shopanimalesin.rebadise.com\/wp-content\/uploads\/2023\/06\/Pechera-Batman-Trabajo-artesanal.png?resize=768%2C790&amp;ssl=1 768w, https:\/\/i0.wp.com\/shopanimalesin.rebadise.com\/wp-content\/uploads\/2023\/06\/Pechera-Batman-Trabajo-artesanal.png?resize=600%2C617&amp;ssl=1 600w, https:\/\/i0.wp.com\/shopanimalesin.rebadise.com\/wp-content\/uploads\/2023\/06\/Pechera-Batman-Trabajo-artesanal.png?w=951&amp;ssl=1 951w\" sizes=\"(max-width: 292px) 100vw, 292px\" data-recalc-dims=\"1\" \/><figcaption id=\"caption-attachment-35\" class=\"wp-caption-text\">Pechera Batman<\/figcaption><\/figure>\n<figure id=\"attachment_34\" aria-describedby=\"caption-attachment-34\" style=\"width: 292px\" class=\"wp-caption alignnone\"><img decoding=\"async\" loading=\"lazy\" class=\"size-medium wp-image-34\" src=\"https:\/\/i0.wp.com\/shopanimalesin.rebadise.com\/wp-content\/uploads\/2023\/06\/Pechera-Batman-con-gorra-Trabajo-artesanal.png?resize=292%2C300&#038;ssl=1\" alt=\"Pechera Batman\" width=\"292\" height=\"300\" srcset=\"https:\/\/i0.wp.com\/shopanimalesin.rebadise.com\/wp-content\/uploads\/2023\/06\/Pechera-Batman-con-gorra-Trabajo-artesanal.png?resize=292%2C300&amp;ssl=1 292w, https:\/\/i0.wp.com\/shopanimalesin.rebadise.com\/wp-content\/uploads\/2023\/06\/Pechera-Batman-con-gorra-Trabajo-artesanal.png?resize=768%2C790&amp;ssl=1 768w, https:\/\/i0.wp.com\/shopanimalesin.rebadise.com\/wp-content\/uploads\/2023\/06\/Pechera-Batman-con-gorra-Trabajo-artesanal.png?resize=600%2C617&amp;ssl=1 600w, https:\/\/i0.wp.com\/shopanimalesin.rebadise.com\/wp-content\/uploads\/2023\/06\/Pechera-Batman-con-gorra-Trabajo-artesanal.png?w=951&amp;ssl=1 951w\" sizes=\"(max-width: 292px) 100vw, 292px\" data-recalc-dims=\"1\" \/><figcaption id=\"caption-attachment-34\" class=\"wp-caption-text\">Pechera Batman<\/figcaption><\/figure>\n<figure id=\"attachment_32\" aria-describedby=\"caption-attachment-32\" style=\"width: 292px\" class=\"wp-caption alignnone\"><img decoding=\"async\" loading=\"lazy\" class=\"size-medium wp-image-32\" src=\"https:\/\/i0.wp.com\/shopanimalesin.rebadise.com\/wp-content\/uploads\/2023\/06\/Pechera-super-man-Trabajo-artesanal.png?resize=292%2C300&#038;ssl=1\" alt=\"Pechera\" width=\"292\" height=\"300\" srcset=\"https:\/\/i0.wp.com\/shopanimalesin.rebadise.com\/wp-content\/uploads\/2023\/06\/Pechera-super-man-Trabajo-artesanal.png?resize=292%2C300&amp;ssl=1 292w, https:\/\/i0.wp.com\/shopanimalesin.rebadise.com\/wp-content\/uploads\/2023\/06\/Pechera-super-man-Trabajo-artesanal.png?resize=768%2C790&amp;ssl=1 768w, https:\/\/i0.wp.com\/shopanimalesin.rebadise.com\/wp-content\/uploads\/2023\/06\/Pechera-super-man-Trabajo-artesanal.png?resize=600%2C617&amp;ssl=1 600w, https:\/\/i0.wp.com\/shopanimalesin.rebadise.com\/wp-content\/uploads\/2023\/06\/Pechera-super-man-Trabajo-artesanal.png?w=951&amp;ssl=1 951w\" sizes=\"(max-width: 292px) 100vw, 292px\" data-recalc-dims=\"1\" \/><figcaption id=\"caption-attachment-32\" class=\"wp-caption-text\">Pechera<\/figcaption><\/figure>\n<figure id=\"attachment_31\" aria-describedby=\"caption-attachment-31\" style=\"width: 292px\" class=\"wp-caption alignnone\"><img decoding=\"async\" loading=\"lazy\" class=\"size-medium wp-image-31\" src=\"https:\/\/i0.wp.com\/shopanimalesin.rebadise.com\/wp-content\/uploads\/2023\/06\/Pechera-Super-heroe-Trabajo-artesanal.png?resize=292%2C300&#038;ssl=1\" alt=\"Pechera\" width=\"292\" height=\"300\" srcset=\"https:\/\/i0.wp.com\/shopanimalesin.rebadise.com\/wp-content\/uploads\/2023\/06\/Pechera-Super-heroe-Trabajo-artesanal.png?resize=292%2C300&amp;ssl=1 292w, https:\/\/i0.wp.com\/shopanimalesin.rebadise.com\/wp-content\/uploads\/2023\/06\/Pechera-Super-heroe-Trabajo-artesanal.png?resize=768%2C790&amp;ssl=1 768w, https:\/\/i0.wp.com\/shopanimalesin.rebadise.com\/wp-content\/uploads\/2023\/06\/Pechera-Super-heroe-Trabajo-artesanal.png?resize=600%2C617&amp;ssl=1 600w, https:\/\/i0.wp.com\/shopanimalesin.rebadise.com\/wp-content\/uploads\/2023\/06\/Pechera-Super-heroe-Trabajo-artesanal.png?w=951&amp;ssl=1 951w\" sizes=\"(max-width: 292px) 100vw, 292px\" data-recalc-dims=\"1\" \/><figcaption id=\"caption-attachment-31\" class=\"wp-caption-text\">Pechera<\/figcaption><\/figure>\n<figure id=\"attachment_30\" aria-describedby=\"caption-attachment-30\" style=\"width: 292px\" class=\"wp-caption alignnone\"><img decoding=\"async\" loading=\"lazy\" class=\"size-medium wp-image-30\" src=\"https:\/\/i0.wp.com\/shopanimalesin.rebadise.com\/wp-content\/uploads\/2023\/06\/Pechera-Super-heroe-2-Trabajo-artesanal.png?resize=292%2C300&#038;ssl=1\" alt=\"Pechera\" width=\"292\" height=\"300\" srcset=\"https:\/\/i0.wp.com\/shopanimalesin.rebadise.com\/wp-content\/uploads\/2023\/06\/Pechera-Super-heroe-2-Trabajo-artesanal.png?resize=292%2C300&amp;ssl=1 292w, https:\/\/i0.wp.com\/shopanimalesin.rebadise.com\/wp-content\/uploads\/2023\/06\/Pechera-Super-heroe-2-Trabajo-artesanal.png?resize=768%2C790&amp;ssl=1 768w, https:\/\/i0.wp.com\/shopanimalesin.rebadise.com\/wp-content\/uploads\/2023\/06\/Pechera-Super-heroe-2-Trabajo-artesanal.png?resize=600%2C617&amp;ssl=1 600w, https:\/\/i0.wp.com\/shopanimalesin.rebadise.com\/wp-content\/uploads\/2023\/06\/Pechera-Super-heroe-2-Trabajo-artesanal.png?w=951&amp;ssl=1 951w\" sizes=\"(max-width: 292px) 100vw, 292px\" data-recalc-dims=\"1\" \/><figcaption id=\"caption-attachment-30\" class=\"wp-caption-text\">Trabajo artesanal<\/figcaption><\/figure>\n<p>Las pecheras artesanales para mascotas, est\u00e1 dise\u00f1ada pensando en el bienestar y el estilo de tu peludo compa\u00f1ero.<\/p>\n<figure id=\"attachment_21\" aria-describedby=\"caption-attachment-21\" style=\"width: 292px\" class=\"wp-caption alignnone\"><img decoding=\"async\" loading=\"lazy\" class=\"size-medium wp-image-21\" src=\"https:\/\/i0.wp.com\/shopanimalesin.rebadise.com\/wp-content\/uploads\/2023\/06\/Pechera-mujer-maravilla-Trabajo-artesanal.png?resize=292%2C300&#038;ssl=1\" alt=\"Trabajo artesanal\" width=\"292\" height=\"300\" srcset=\"https:\/\/i0.wp.com\/shopanimalesin.rebadise.com\/wp-content\/uploads\/2023\/06\/Pechera-mujer-maravilla-Trabajo-artesanal.png?resize=292%2C300&amp;ssl=1 292w, https:\/\/i0.wp.com\/shopanimalesin.rebadise.com\/wp-content\/uploads\/2023\/06\/Pechera-mujer-maravilla-Trabajo-artesanal.png?resize=768%2C790&amp;ssl=1 768w, https:\/\/i0.wp.com\/shopanimalesin.rebadise.com\/wp-content\/uploads\/2023\/06\/Pechera-mujer-maravilla-Trabajo-artesanal.png?resize=600%2C617&amp;ssl=1 600w, https:\/\/i0.wp.com\/shopanimalesin.rebadise.com\/wp-content\/uploads\/2023\/06\/Pechera-mujer-maravilla-Trabajo-artesanal.png?w=951&amp;ssl=1 951w\" sizes=\"(max-width: 292px) 100vw, 292px\" data-recalc-dims=\"1\" \/><figcaption id=\"caption-attachment-21\" class=\"wp-caption-text\">Trabajo artesanal<\/figcaption><\/figure>\n","protected":false},"excerpt":{"rendered":"<p>Las pecheras son personalizadas, un trabajo totalmente artesanal, con el estilo que quiere para su mascota.<\/p>\n","protected":false},"featured_media":21,"comment_status":"open","ping_status":"closed","template":"","meta":[],"product_cat":[16,17],"product_tag":[18,20,19],"yoast_head":"<!-- This site is optimized with the Yoast SEO plugin v20.10 - https:\/\/yoast.com\/wordpress\/plugins\/seo\/ -->\n<title>Pechera - ShopIN<\/title>\n<meta name=\"description\" content=\"Ropa para mascota, artesanal, solo nos brinda la informaci\u00f3n del tama\u00f1o de su peludito y le estaremos respondiendo para el tiempo y costos.\" \/>\n<meta name=\"robots\" content=\"index, follow, max-snippet:-1, max-image-preview:large, max-video-preview:-1\" \/>\n<link rel=\"canonical\" href=\"https:\/\/shopanimalesin.rebadise.com\/index.php\/producto\/pecheras\/\" \/>\n<meta property=\"og:locale\" content=\"en_US\" \/>\n<meta property=\"og:type\" content=\"article\" \/>\n<meta property=\"og:title\" content=\"Pechera - ShopIN\" \/>\n<meta property=\"og:description\" content=\"Ropa para mascota, artesanal, solo nos brinda la informaci\u00f3n del tama\u00f1o de su peludito y le estaremos respondiendo para el tiempo y costos.\" \/>\n<meta property=\"og:url\" content=\"https:\/\/shopanimalesin.rebadise.com\/index.php\/producto\/pecheras\/\" \/>\n<meta property=\"og:site_name\" content=\"ShopIN\" \/>\n<meta property=\"article:modified_time\" content=\"2023-06-25T21:49:10+00:00\" \/>\n<meta property=\"og:image\" content=\"https:\/\/shopanimalesin.rebadise.com\/wp-content\/uploads\/2023\/06\/Pechera-mujer-maravilla-Trabajo-artesanal.png\" \/>\n\t<meta property=\"og:image:width\" content=\"951\" \/>\n\t<meta property=\"og:image:height\" content=\"978\" \/>\n\t<meta property=\"og:image:type\" content=\"image\/png\" \/>\n<meta name=\"twitter:card\" content=\"summary_large_image\" \/>\n<meta name=\"twitter:label1\" content=\"Est. reading time\" \/>\n\t<meta name=\"twitter:data1\" content=\"4 minutes\" \/>\n<script type=\"application\/ld+json\" class=\"yoast-schema-graph\">{\"@context\":\"https:\/\/schema.org\",\"@graph\":[{\"@type\":\"WebPage\",\"@id\":\"https:\/\/shopanimalesin.rebadise.com\/index.php\/producto\/pecheras\/\",\"url\":\"https:\/\/shopanimalesin.rebadise.com\/index.php\/producto\/pecheras\/\",\"name\":\"Pechera - ShopIN\",\"isPartOf\":{\"@id\":\"https:\/\/shopanimalesin.rebadise.com\/#website\"},\"datePublished\":\"2023-06-22T21:12:53+00:00\",\"dateModified\":\"2023-06-25T21:49:10+00:00\",\"description\":\"Ropa para mascota, artesanal, solo nos brinda la informaci\u00f3n del tama\u00f1o de su peludito y le estaremos respondiendo para el tiempo y costos.\",\"breadcrumb\":{\"@id\":\"https:\/\/shopanimalesin.rebadise.com\/index.php\/producto\/pecheras\/#breadcrumb\"},\"inLanguage\":\"en-US\",\"potentialAction\":[{\"@type\":\"ReadAction\",\"target\":[\"https:\/\/shopanimalesin.rebadise.com\/index.php\/producto\/pecheras\/\"]}]},{\"@type\":\"BreadcrumbList\",\"@id\":\"https:\/\/shopanimalesin.rebadise.com\/index.php\/producto\/pecheras\/#breadcrumb\",\"itemListElement\":[{\"@type\":\"ListItem\",\"position\":1,\"name\":\"Portada\",\"item\":\"https:\/\/shopanimalesin.rebadise.com\/\"},{\"@type\":\"ListItem\",\"position\":2,\"name\":\"Tienda\",\"item\":\"https:\/\/shopanimalesin.rebadise.com\/\"},{\"@type\":\"ListItem\",\"position\":3,\"name\":\"Pechera\"}]},{\"@type\":\"WebSite\",\"@id\":\"https:\/\/shopanimalesin.rebadise.com\/#website\",\"url\":\"https:\/\/shopanimalesin.rebadise.com\/\",\"name\":\"ShopIN\",\"description\":\"\",\"publisher\":{\"@id\":\"https:\/\/shopanimalesin.rebadise.com\/#\/schema\/person\/652696cda27a57db7f5da726054610c1\"},\"potentialAction\":[{\"@type\":\"SearchAction\",\"target\":{\"@type\":\"EntryPoint\",\"urlTemplate\":\"https:\/\/shopanimalesin.rebadise.com\/?s={search_term_string}\"},\"query-input\":\"required name=search_term_string\"}],\"inLanguage\":\"en-US\"},{\"@type\":[\"Person\",\"Organization\"],\"@id\":\"https:\/\/shopanimalesin.rebadise.com\/#\/schema\/person\/652696cda27a57db7f5da726054610c1\",\"name\":\"ShopIN\",\"image\":{\"@type\":\"ImageObject\",\"inLanguage\":\"en-US\",\"@id\":\"https:\/\/shopanimalesin.rebadise.com\/#\/schema\/person\/image\/\",\"url\":\"https:\/\/i0.wp.com\/shopanimalesin.rebadise.com\/wp-content\/uploads\/2023\/06\/logo-Shopin.png?fit=932%2C932&ssl=1\",\"contentUrl\":\"https:\/\/i0.wp.com\/shopanimalesin.rebadise.com\/wp-content\/uploads\/2023\/06\/logo-Shopin.png?fit=932%2C932&ssl=1\",\"width\":932,\"height\":932,\"caption\":\"ShopIN\"},\"logo\":{\"@id\":\"https:\/\/shopanimalesin.rebadise.com\/#\/schema\/person\/image\/\"},\"sameAs\":[\"http:\/\/shopanimalesin.rebadise.com\"]}]}<\/script>\n<!-- \/ Yoast SEO plugin. -->","yoast_head_json":{"title":"Pechera - ShopIN","description":"Ropa para mascota, artesanal, solo nos brinda la informaci\u00f3n del tama\u00f1o de su peludito y le estaremos respondiendo para el tiempo y costos.","robots":{"index":"index","follow":"follow","max-snippet":"max-snippet:-1","max-image-preview":"max-image-preview:large","max-video-preview":"max-video-preview:-1"},"canonical":"https:\/\/shopanimalesin.rebadise.com\/index.php\/producto\/pecheras\/","og_locale":"en_US","og_type":"article","og_title":"Pechera - ShopIN","og_description":"Ropa para mascota, artesanal, solo nos brinda la informaci\u00f3n del tama\u00f1o de su peludito y le estaremos respondiendo para el tiempo y costos.","og_url":"https:\/\/shopanimalesin.rebadise.com\/index.php\/producto\/pecheras\/","og_site_name":"ShopIN","article_modified_time":"2023-06-25T21:49:10+00:00","og_image":[{"width":951,"height":978,"url":"https:\/\/shopanimalesin.rebadise.com\/wp-content\/uploads\/2023\/06\/Pechera-mujer-maravilla-Trabajo-artesanal.png","type":"image\/png"}],"twitter_card":"summary_large_image","twitter_misc":{"Est. reading time":"4 minutes"},"schema":{"@context":"https:\/\/schema.org","@graph":[{"@type":"WebPage","@id":"https:\/\/shopanimalesin.rebadise.com\/index.php\/producto\/pecheras\/","url":"https:\/\/shopanimalesin.rebadise.com\/index.php\/producto\/pecheras\/","name":"Pechera - ShopIN","isPartOf":{"@id":"https:\/\/shopanimalesin.rebadise.com\/#website"},"datePublished":"2023-06-22T21:12:53+00:00","dateModified":"2023-06-25T21:49:10+00:00","description":"Ropa para mascota, artesanal, solo nos brinda la informaci\u00f3n del tama\u00f1o de su peludito y le estaremos respondiendo para el tiempo y costos.","breadcrumb":{"@id":"https:\/\/shopanimalesin.rebadise.com\/index.php\/producto\/pecheras\/#breadcrumb"},"inLanguage":"en-US","potentialAction":[{"@type":"ReadAction","target":["https:\/\/shopanimalesin.rebadise.com\/index.php\/producto\/pecheras\/"]}]},{"@type":"BreadcrumbList","@id":"https:\/\/shopanimalesin.rebadise.com\/index.php\/producto\/pecheras\/#breadcrumb","itemListElement":[{"@type":"ListItem","position":1,"name":"Portada","item":"https:\/\/shopanimalesin.rebadise.com\/"},{"@type":"ListItem","position":2,"name":"Tienda","item":"https:\/\/shopanimalesin.rebadise.com\/"},{"@type":"ListItem","position":3,"name":"Pechera"}]},{"@type":"WebSite","@id":"https:\/\/shopanimalesin.rebadise.com\/#website","url":"https:\/\/shopanimalesin.rebadise.com\/","name":"ShopIN","description":"","publisher":{"@id":"https:\/\/shopanimalesin.rebadise.com\/#\/schema\/person\/652696cda27a57db7f5da726054610c1"},"potentialAction":[{"@type":"SearchAction","target":{"@type":"EntryPoint","urlTemplate":"https:\/\/shopanimalesin.rebadise.com\/?s={search_term_string}"},"query-input":"required name=search_term_string"}],"inLanguage":"en-US"},{"@type":["Person","Organization"],"@id":"https:\/\/shopanimalesin.rebadise.com\/#\/schema\/person\/652696cda27a57db7f5da726054610c1","name":"ShopIN","image":{"@type":"ImageObject","inLanguage":"en-US","@id":"https:\/\/shopanimalesin.rebadise.com\/#\/schema\/person\/image\/","url":"https:\/\/i0.wp.com\/shopanimalesin.rebadise.com\/wp-content\/uploads\/2023\/06\/logo-Shopin.png?fit=932%2C932&ssl=1","contentUrl":"https:\/\/i0.wp.com\/shopanimalesin.rebadise.com\/wp-content\/uploads\/2023\/06\/logo-Shopin.png?fit=932%2C932&ssl=1","width":932,"height":932,"caption":"ShopIN"},"logo":{"@id":"https:\/\/shopanimalesin.rebadise.com\/#\/schema\/person\/image\/"},"sameAs":["http:\/\/shopanimalesin.rebadise.com"]}]}},"_links":{"self":[{"href":"https:\/\/shopanimalesin.rebadise.com\/index.php\/wp-json\/wp\/v2\/product\/20"}],"collection":[{"href":"https:\/\/shopanimalesin.rebadise.com\/index.php\/wp-json\/wp\/v2\/product"}],"about":[{"href":"https:\/\/shopanimalesin.rebadise.com\/index.php\/wp-json\/wp\/v2\/types\/product"}],"replies":[{"embeddable":true,"href":"https:\/\/shopanimalesin.rebadise.com\/index.php\/wp-json\/wp\/v2\/comments?post=20"}],"wp:featuredmedia":[{"embeddable":true,"href":"https:\/\/shopanimalesin.rebadise.com\/index.php\/wp-json\/wp\/v2\/media\/21"}],"wp:attachment":[{"href":"https:\/\/shopanimalesin.rebadise.com\/index.php\/wp-json\/wp\/v2\/media?parent=20"}],"wp:term":[{"taxonomy":"product_cat","embeddable":true,"href":"https:\/\/shopanimalesin.rebadise.com\/index.php\/wp-json\/wp\/v2\/product_cat?post=20"},{"taxonomy":"product_tag","embeddable":true,"href":"https:\/\/shopanimalesin.rebadise.com\/index.php\/wp-json\/wp\/v2\/product_tag?post=20"}],"curies":[{"name":"wp","href":"https:\/\/api.w.org\/{rel}","templated":true}]}}